{"id":2210,"date":"2019-10-23T12:21:06","date_gmt":"2019-10-23T12:21:06","guid":{"rendered":"http:\/\/www.bufetefoz.com\/rechtsabteilung\/carmen-acker\/"},"modified":"2020-11-09T11:46:29","modified_gmt":"2020-11-09T11:46:29","slug":"carmen-acker","status":"publish","type":"page","link":"https:\/\/www.bufetefoz.com\/de\/rechtsabteilung\/carmen-acker\/","title":{"rendered":"Carmen Acker"},"content":{"rendered":"<div id='av-layout-grid-1'  class='av-layout-grid-container entry-content-wrapper main_color av-flex-cells     avia-builder-el-0  avia-builder-el-no-sibling  container_wrap fullsize' style=' '  >\n<div class=\"flex_cell no_margin av_one_third  avia-builder-el-1  el_before_av_cell_one_third  avia-builder-el-first   av-zero-padding \"  style='vertical-align:middle; padding:0px; ' ><div class='flex_cell_inner' ><div  class='avia-image-container  av-styling-no-styling av-hover-grow   avia-builder-el-2  avia-builder-el-no-sibling  avia-align-center '  itemprop=\"image\" itemscope=\"itemscope\" itemtype=\"https:\/\/schema.org\/ImageObject\"  ><div class='avia-image-container-inner'><div class='avia-image-overlay-wrap'><img decoding=\"async\" class='wp-image-2211 avia-img-lazy-loading-not-2211 avia_image' src=\"https:\/\/www.bufetefoz.com\/wp-content\/uploads\/2020\/10\/image00009.jpeg\" alt='' title='Carmen Acker Vidal' height=\"1650\" width=\"1536\"  itemprop=\"thumbnailUrl\" srcset=\"https:\/\/www.bufetefoz.com\/wp-content\/uploads\/2020\/10\/image00009.jpeg 1536w, https:\/\/www.bufetefoz.com\/wp-content\/uploads\/2020\/10\/image00009-279x300.jpeg 279w, https:\/\/www.bufetefoz.com\/wp-content\/uploads\/2020\/10\/image00009-959x1030.jpeg 959w, https:\/\/www.bufetefoz.com\/wp-content\/uploads\/2020\/10\/image00009-768x825.jpeg 768w, https:\/\/www.bufetefoz.com\/wp-content\/uploads\/2020\/10\/image00009-1430x1536.jpeg 1430w, https:\/\/www.bufetefoz.com\/wp-content\/uploads\/2020\/10\/image00009-1396x1500.jpeg 1396w, https:\/\/www.bufetefoz.com\/wp-content\/uploads\/2020\/10\/image00009-656x705.jpeg 656w, https:\/\/www.bufetefoz.com\/wp-content\/uploads\/2020\/10\/image00009-450x483.jpeg 450w\" sizes=\"(max-width: 1536px) 100vw, 1536px\" \/><\/div><\/div><\/div>\n<\/div><\/div><div class=\"flex_cell no_margin av_one_third  avia-builder-el-3  el_after_av_cell_one_third  el_before_av_cell_one_third   \"  style='background: #eaeaea; vertical-align:middle; padding:0px 60px 0px 60px ; background-color:#eaeaea; ' ><div class='flex_cell_inner' ><p><div  style='padding-bottom:10px; ' class='av-special-heading av-special-heading-h3  blockquote modern-quote modern-centered  avia-builder-el-4  el_before_av_iconlist  avia-builder-el-first  '><h3 class='av-special-heading-tag '  itemprop=\"headline\"  >Carmen Acker Vidal<\/h3><div class ='av-subheading av-subheading_below  ' style='font-size:15px;'><p>Verwaltung<\/p>\n<\/div><div class='special-heading-border'><div class='special-heading-inner-border' ><\/div><\/div><\/div><br \/>\n<div  class='avia-icon-list-container   avia-builder-el-5  el_after_av_heading  avia-builder-el-last '><ul class='avia-icon-list avia-icon-list-left av-iconlist-small avia_animate_when_almost_visible avia-iconlist-animate'>\n<li><div  class='iconlist_icon  avia-font-entypo-fontello'><span class='iconlist-char ' aria-hidden='true' data-av_icon='\ue8b1' data-av_iconfont='entypo-fontello'><\/span><\/div><article class=\"article-icon-entry av-iconlist-empty\"  itemscope=\"itemscope\" itemtype=\"https:\/\/schema.org\/CreativeWork\" ><div class='iconlist_content_wrap'><header class=\"entry-content-header\"><div class='av_iconlist_title iconlist_title_small   '  itemprop=\"headline\"  >Spanien<\/div><\/header><div class='iconlist_content  '  itemprop=\"text\"  ><\/div><\/div><footer class=\"entry-footer\"><\/footer><\/article><div class='iconlist-timeline'><\/div><\/li>\n<li><div  class='iconlist_icon  avia-font-entypo-fontello'><span class='iconlist-char ' aria-hidden='true' data-av_icon='\ue829' data-av_iconfont='entypo-fontello'><\/span><\/div><article class=\"article-icon-entry av-iconlist-empty\"  itemscope=\"itemscope\" itemtype=\"https:\/\/schema.org\/CreativeWork\" ><div class='iconlist_content_wrap'><header class=\"entry-content-header\"><div class='av_iconlist_title iconlist_title_small   '  itemprop=\"headline\"  >Sekret\u00e4rin<\/div><\/header><div class='iconlist_content  '  itemprop=\"text\"  ><\/div><\/div><footer class=\"entry-footer\"><\/footer><\/article><div class='iconlist-timeline'><\/div><\/li>\n<li><div  class='iconlist_icon  avia-font-entypo-fontello'><span class='iconlist-char ' aria-hidden='true' data-av_icon='\ue8ca' data-av_iconfont='entypo-fontello'><\/span><\/div><article class=\"article-icon-entry av-iconlist-empty\"  itemscope=\"itemscope\" itemtype=\"https:\/\/schema.org\/CreativeWork\" ><div class='iconlist_content_wrap'><header class=\"entry-content-header\"><div class='av_iconlist_title iconlist_title_small   '  itemprop=\"headline\"  >Spanisch | Katalanisch | Englisch<\/div><\/header><div class='iconlist_content  '  itemprop=\"text\"  ><\/div><\/div><footer class=\"entry-footer\"><\/footer><\/article><div class='iconlist-timeline'><\/div><\/li>\n<li><div  class='iconlist_icon  avia-font-entypo-fontello'><span class='iconlist-char ' aria-hidden='true' data-av_icon='\ue854' data-av_iconfont='entypo-fontello'><\/span><\/div><article class=\"article-icon-entry av-iconlist-empty\"  itemscope=\"itemscope\" itemtype=\"https:\/\/schema.org\/CreativeWork\" ><div class='iconlist_content_wrap'><header class=\"entry-content-header\"><div class='av_iconlist_title iconlist_title_small   '  itemprop=\"headline\"  ><a href='tel:971711681' title='+34 971 71 16 81'>+34 971 71 16 81<\/a><\/div><\/header><div class='iconlist_content  '  itemprop=\"text\"  ><\/div><\/div><footer class=\"entry-footer\"><\/footer><\/article><div class='iconlist-timeline'><\/div><\/li>\n<li><div  class='iconlist_icon  avia-font-entypo-fontello'><span class='iconlist-char ' aria-hidden='true' data-av_icon='\ue8ad' data-av_iconfont='entypo-fontello'><\/span><\/div><article class=\"article-icon-entry av-iconlist-empty\"  itemscope=\"itemscope\" itemtype=\"https:\/\/schema.org\/CreativeWork\" ><div class='iconlist_content_wrap'><header class=\"entry-content-header\"><div class='av_iconlist_title iconlist_title_small   '  itemprop=\"headline\"  ><a href='mailto:carmenacker@bufetefoz.com' title='carmenacker@bufetefoz.com'>carmenacker@bufetefoz.com<\/a><\/div><\/header><div class='iconlist_content  '  itemprop=\"text\"  ><\/div><\/div><footer class=\"entry-footer\"><\/footer><\/article><div class='iconlist-timeline'><\/div><\/li>\n<\/ul><\/div><\/p>\n<\/div><\/div><div class=\"flex_cell no_margin av_one_third  avia-builder-el-6  el_after_av_cell_one_third  avia-builder-el-last   \"  style='background: #292929; vertical-align:middle; padding:0px 60px 0px 60px ; background-color:#292929; ' ><div class='flex_cell_inner' ><section class=\"av_textblock_section \"  itemscope=\"itemscope\" itemtype=\"https:\/\/schema.org\/CreativeWork\" ><div class='avia_textblock  av_inherit_color '  style='color:#f9f9f9; '  itemprop=\"text\" ><p>Seit 1996 Sekret\u00e4rin von Bufete Foz &amp; Asociados, Carmen k\u00fcmmert sich auf Spanisch, Katalanisch und Englisch um die direkte Betreuung der Kunden. Von Anfang an bietet sie die L\u00f6sungen f\u00fcr Probleme und Schwierigkeiten.<\/p>\n<\/div><\/section>\n<\/div><\/div><\/div>\n","protected":false},"excerpt":{"rendered":"","protected":false},"author":1,"featured_media":0,"parent":1959,"menu_order":0,"comment_status":"closed","ping_status":"closed","template":"","meta":{"footnotes":""},"class_list":["post-2210","page","type-page","status-publish","hentry"],"yoast_head":"<!-- This site is optimized with the Yoast SEO plugin v26.7 - https:\/\/yoast.com\/wordpress\/plugins\/seo\/ -->\n<title>Carmen Acker - Bufete Foz<\/title>\n<meta name=\"robots\" content=\"index, follow, max-snippet:-1, max-image-preview:large, max-video-preview:-1\" \/>\n<link rel=\"canonical\" href=\"https:\/\/www.bufetefoz.com\/de\/rechtsabteilung\/carmen-acker\/\" \/>\n<meta property=\"og:locale\" content=\"de_DE\" \/>\n<meta property=\"og:type\" content=\"article\" \/>\n<meta property=\"og:title\" content=\"Carmen Acker - Bufete Foz\" \/>\n<meta property=\"og:url\" content=\"https:\/\/www.bufetefoz.com\/de\/rechtsabteilung\/carmen-acker\/\" \/>\n<meta property=\"og:site_name\" content=\"Bufete Foz\" \/>\n<meta property=\"article:modified_time\" content=\"2020-11-09T11:46:29+00:00\" \/>\n<meta name=\"twitter:card\" content=\"summary_large_image\" \/>\n<meta name=\"twitter:label1\" content=\"Gesch\u00e4tzte Lesezeit\" \/>\n\t<meta name=\"twitter:data1\" content=\"3\u00a0Minuten\" \/>\n<script type=\"application\/ld+json\" class=\"yoast-schema-graph\">{\"@context\":\"https:\/\/schema.org\",\"@graph\":[{\"@type\":\"WebPage\",\"@id\":\"https:\/\/www.bufetefoz.com\/de\/rechtsabteilung\/carmen-acker\/\",\"url\":\"https:\/\/www.bufetefoz.com\/de\/rechtsabteilung\/carmen-acker\/\",\"name\":\"Carmen Acker - Bufete Foz\",\"isPartOf\":{\"@id\":\"https:\/\/www.bufetefoz.com\/en\/#website\"},\"datePublished\":\"2019-10-23T12:21:06+00:00\",\"dateModified\":\"2020-11-09T11:46:29+00:00\",\"breadcrumb\":{\"@id\":\"https:\/\/www.bufetefoz.com\/de\/rechtsabteilung\/carmen-acker\/#breadcrumb\"},\"inLanguage\":\"de\",\"potentialAction\":[{\"@type\":\"ReadAction\",\"target\":[\"https:\/\/www.bufetefoz.com\/de\/rechtsabteilung\/carmen-acker\/\"]}]},{\"@type\":\"BreadcrumbList\",\"@id\":\"https:\/\/www.bufetefoz.com\/de\/rechtsabteilung\/carmen-acker\/#breadcrumb\",\"itemListElement\":[{\"@type\":\"ListItem\",\"position\":1,\"name\":\"Portada\",\"item\":\"https:\/\/www.bufetefoz.com\/de\/\"},{\"@type\":\"ListItem\",\"position\":2,\"name\":\"Rechtsabteilung\",\"item\":\"https:\/\/www.bufetefoz.com\/de\/rechtsabteilung\/\"},{\"@type\":\"ListItem\",\"position\":3,\"name\":\"Carmen Acker\"}]},{\"@type\":\"WebSite\",\"@id\":\"https:\/\/www.bufetefoz.com\/en\/#website\",\"url\":\"https:\/\/www.bufetefoz.com\/en\/\",\"name\":\"Bufete Foz\",\"description\":\"Bufete de abogados en Palma de Mallorca\",\"potentialAction\":[{\"@type\":\"SearchAction\",\"target\":{\"@type\":\"EntryPoint\",\"urlTemplate\":\"https:\/\/www.bufetefoz.com\/en\/?s={search_term_string}\"},\"query-input\":{\"@type\":\"PropertyValueSpecification\",\"valueRequired\":true,\"valueName\":\"search_term_string\"}}],\"inLanguage\":\"de\"}]}<\/script>\n<!-- \/ Yoast SEO plugin. -->","yoast_head_json":{"title":"Carmen Acker - Bufete Foz","robots":{"index":"index","follow":"follow","max-snippet":"max-snippet:-1","max-image-preview":"max-image-preview:large","max-video-preview":"max-video-preview:-1"},"canonical":"https:\/\/www.bufetefoz.com\/de\/rechtsabteilung\/carmen-acker\/","og_locale":"de_DE","og_type":"article","og_title":"Carmen Acker - Bufete Foz","og_url":"https:\/\/www.bufetefoz.com\/de\/rechtsabteilung\/carmen-acker\/","og_site_name":"Bufete Foz","article_modified_time":"2020-11-09T11:46:29+00:00","twitter_card":"summary_large_image","twitter_misc":{"Gesch\u00e4tzte Lesezeit":"3\u00a0Minuten"},"schema":{"@context":"https:\/\/schema.org","@graph":[{"@type":"WebPage","@id":"https:\/\/www.bufetefoz.com\/de\/rechtsabteilung\/carmen-acker\/","url":"https:\/\/www.bufetefoz.com\/de\/rechtsabteilung\/carmen-acker\/","name":"Carmen Acker - Bufete Foz","isPartOf":{"@id":"https:\/\/www.bufetefoz.com\/en\/#website"},"datePublished":"2019-10-23T12:21:06+00:00","dateModified":"2020-11-09T11:46:29+00:00","breadcrumb":{"@id":"https:\/\/www.bufetefoz.com\/de\/rechtsabteilung\/carmen-acker\/#breadcrumb"},"inLanguage":"de","potentialAction":[{"@type":"ReadAction","target":["https:\/\/www.bufetefoz.com\/de\/rechtsabteilung\/carmen-acker\/"]}]},{"@type":"BreadcrumbList","@id":"https:\/\/www.bufetefoz.com\/de\/rechtsabteilung\/carmen-acker\/#breadcrumb","itemListElement":[{"@type":"ListItem","position":1,"name":"Portada","item":"https:\/\/www.bufetefoz.com\/de\/"},{"@type":"ListItem","position":2,"name":"Rechtsabteilung","item":"https:\/\/www.bufetefoz.com\/de\/rechtsabteilung\/"},{"@type":"ListItem","position":3,"name":"Carmen Acker"}]},{"@type":"WebSite","@id":"https:\/\/www.bufetefoz.com\/en\/#website","url":"https:\/\/www.bufetefoz.com\/en\/","name":"Bufete Foz","description":"Bufete de abogados en Palma de Mallorca","potentialAction":[{"@type":"SearchAction","target":{"@type":"EntryPoint","urlTemplate":"https:\/\/www.bufetefoz.com\/en\/?s={search_term_string}"},"query-input":{"@type":"PropertyValueSpecification","valueRequired":true,"valueName":"search_term_string"}}],"inLanguage":"de"}]}},"_links":{"self":[{"href":"https:\/\/www.bufetefoz.com\/de\/wp-json\/wp\/v2\/pages\/2210","targetHints":{"allow":["GET"]}}],"collection":[{"href":"https:\/\/www.bufetefoz.com\/de\/wp-json\/wp\/v2\/pages"}],"about":[{"href":"https:\/\/www.bufetefoz.com\/de\/wp-json\/wp\/v2\/types\/page"}],"author":[{"embeddable":true,"href":"https:\/\/www.bufetefoz.com\/de\/wp-json\/wp\/v2\/users\/1"}],"replies":[{"embeddable":true,"href":"https:\/\/www.bufetefoz.com\/de\/wp-json\/wp\/v2\/comments?post=2210"}],"version-history":[{"count":6,"href":"https:\/\/www.bufetefoz.com\/de\/wp-json\/wp\/v2\/pages\/2210\/revisions"}],"predecessor-version":[{"id":2407,"href":"https:\/\/www.bufetefoz.com\/de\/wp-json\/wp\/v2\/pages\/2210\/revisions\/2407"}],"up":[{"embeddable":true,"href":"https:\/\/www.bufetefoz.com\/de\/wp-json\/wp\/v2\/pages\/1959"}],"wp:attachment":[{"href":"https:\/\/www.bufetefoz.com\/de\/wp-json\/wp\/v2\/media?parent=2210"}],"curies":[{"name":"wp","href":"https:\/\/api.w.org\/{rel}","templated":true}]}}