{"id":1893,"date":"2020-10-30T06:02:39","date_gmt":"2020-10-30T06:02:39","guid":{"rendered":"http:\/\/www.bufetefoz.com\/?page_id=1893"},"modified":"2020-11-13T12:52:04","modified_gmt":"2020-11-13T12:52:04","slug":"bufete-foz-asociados-de","status":"publish","type":"page","link":"https:\/\/www.bufetefoz.com\/de\/","title":{"rendered":"Bufete Foz &#038; Asociados"},"content":{"rendered":"<div id='layer_slider_1'  class='avia-layerslider main_color avia-shadow  avia-builder-el-0  el_before_av_section  avia-builder-el-first  container_wrap fullsize' style='  height: 721px;' ><\/div>\n<div id='av_section_1'  class='avia-section main_color avia-section-default avia-no-border-styling  avia-bg-style-scroll  avia-builder-el-1  el_after_av_layerslider  el_before_av_section   container_wrap fullsize' style=' '  ><div class='container' ><div class='template-page content  av-content-full alpha units'><div class='post-entry post-entry-type-page post-entry-1893'><div class='entry-content-wrapper clearfix'>\n<div  style='padding-bottom:0px; margin:0 0 0 0; font-size:50px;' class='av-special-heading av-special-heading-h3  blockquote modern-quote modern-centered  avia-builder-el-2  el_before_av_textblock  avia-builder-el-first  av-inherit-size '><h3 class='av-special-heading-tag '  itemprop=\"headline\"  >Bufete Foz <span class='special_amp'>&amp;<\/span> Asociados<\/h3><div class='special-heading-border'><div class='special-heading-inner-border' ><\/div><\/div><\/div>\n<section class=\"av_textblock_section \"  itemscope=\"itemscope\" itemtype=\"https:\/\/schema.org\/CreativeWork\" ><div class='avia_textblock  '   itemprop=\"text\" ><p style=\"text-align: center;\">Bufete Foz &amp; Asociados ist eine fach\u00fcbergreifende Anwaltskanzlei, die 1986 von Herrn Carles Foz Moreno in Palma de Mallorca gegr\u00fcndet wurde.<\/p>\n<p style=\"text-align: center;\">Seit Gr\u00fcndung sind Professionalit\u00e4t, Strenge und Ethik die Grundlage f\u00fcr unser Handeln, wobei wir stets mit den besten Standards arbeiten, um unseren Kunden zu helfen.<\/p>\n<p style=\"text-align: center;\">Seit mehr als 30 Jahren arbeitet unser Team stets daran, die besten Dienstleistungen anzubieten.<\/p>\n<\/div><\/section>\n\n<\/div><\/div><\/div><!-- close content main div --><\/div><\/div><div id='av_section_2'  class='avia-section main_color avia-section-default avia-no-border-styling  avia-bg-style-scroll  avia-builder-el-4  el_after_av_section  avia-builder-el-last   container_wrap fullsize' style=' '  ><div class='container' ><div class='template-page content  av-content-full alpha units'><div class='post-entry post-entry-type-page post-entry-1893'><div class='entry-content-wrapper clearfix'>\n<div  style='padding-bottom:0px; margin:0 0 0 0; font-size:50px;' class='av-special-heading av-special-heading-h3  blockquote modern-quote modern-centered  avia-builder-el-5  el_before_av_hr  avia-builder-el-first  av-inherit-size '><h3 class='av-special-heading-tag '  itemprop=\"headline\"  >Unser Angebot<\/h3><div class='special-heading-border'><div class='special-heading-inner-border' ><\/div><\/div><\/div>\n<div  style=' margin-top:50px; margin-bottom:65px;'  class='hr hr-custom hr-center hr-icon-yes   avia-builder-el-6  el_after_av_heading  el_before_av_one_third '><span class='hr-inner  inner-border-av-border-thin' style=' width:50px; border-color:#d3d3d3; max-width:45%;' ><span class='hr-inner-style'><\/span><\/span><span class='av-seperator-icon' style='color:#072f4c;' aria-hidden='true' data-av_icon='' data-av_iconfont='justice'><\/span><span class='hr-inner  inner-border-av-border-thin' style=' width:50px; border-color:#d3d3d3; max-width:45%;' ><span class='hr-inner-style'><\/span><\/span><\/div>\n<div class='flex_column_table av-equal-height-column-flextable -flextable' style='margin-top:0px; margin-bottom:0px; '><div class=\"flex_column av_one_third  av-animated-generic left-to-right  flex_column_table_cell av-equal-height-column av-align-top first  avia-builder-el-7  el_after_av_hr  el_before_av_one_third  bloc-home-bufete-foz \" style='background: #072f4c; padding:40px; background-color:#072f4c; border-radius:3px; '><p><span  class=\"av_font_icon avia_animate_when_visible avia-icon-animate  av-icon-style-  avia-icon-pos-center \" style=\"color:#ffffff; border-color:#ffffff;\"><span class='av-icon-char' style='font-size:70px;line-height:70px;' aria-hidden='true' data-av_icon='' data-av_iconfont='justice' ><\/span><\/span><br \/>\n<div  style='padding-bottom:10px; margin-top:25; color:#ffffff;' class='av-special-heading av-special-heading-h2 custom-color-heading blockquote modern-quote modern-centered  avia-builder-el-9  el_after_av_font_icon  el_before_av_textblock  '><h2 class='av-special-heading-tag '  itemprop=\"headline\"  >Pers\u00f6nliche Betreuung<\/h2><div class='special-heading-border'><div class='special-heading-inner-border' style='border-color:#ffffff'><\/div><\/div><\/div><br \/>\n<section class=\"av_textblock_section \"  itemscope=\"itemscope\" itemtype=\"https:\/\/schema.org\/CreativeWork\" ><div class='avia_textblock  av_inherit_color '  style='color:#ffffff; '  itemprop=\"text\" ><p style=\"text-align: center;\">Wir glauben, dass die Beziehung zwischen Anwalt und Auftraggeber auf gegenseitigem Vertrauen basieren sollte. Wir versuchen einen direkten Kontakt mit unseren Klienten aufrechtzuerhalten.<\/p>\n<\/div><\/section><br \/>\n<div  style='height:20px' class='hr hr-invisible   avia-builder-el-11  el_after_av_textblock  avia-builder-el-last '><span class='hr-inner ' ><span class='hr-inner-style'><\/span><\/span><\/div><\/p><\/div><div class='av-flex-placeholder'><\/div><div class=\"flex_column av_one_third  av-animated-generic left-to-right  flex_column_table_cell av-equal-height-column av-align-top   avia-builder-el-12  el_after_av_one_third  el_before_av_one_third  bloc-home-bufete-foz \" style='background:linear-gradient(45deg,#094978,#105e96); padding:40px; background-color:#094978; border-radius:3px; '><p><span  class=\"av_font_icon avia_animate_when_visible avia-icon-animate  av-icon-style-  avia-icon-pos-center \" style=\"color:#ffffff; border-color:#ffffff;\"><span class='av-icon-char' style='font-size:70px;line-height:70px;' aria-hidden='true' data-av_icon='' data-av_iconfont='justice' ><\/span><\/span><br \/>\n<div  style='padding-bottom:10px; margin-top:25; color:#ffffff;' class='av-special-heading av-special-heading-h2 custom-color-heading blockquote modern-quote modern-centered  avia-builder-el-14  el_after_av_font_icon  el_before_av_textblock  '><h2 class='av-special-heading-tag '  itemprop=\"headline\"  >Fortbildungsma\u00dfnahmen f\u00fcr die Fachkr\u00e4fte<\/h2><div class='special-heading-border'><div class='special-heading-inner-border' style='border-color:#ffffff'><\/div><\/div><\/div><br \/>\n<section class=\"av_textblock_section \"  itemscope=\"itemscope\" itemtype=\"https:\/\/schema.org\/CreativeWork\" ><div class='avia_textblock  av_inherit_color '  style='color:#ffffff; '  itemprop=\"text\" ><p style=\"text-align: center;\">Wir haben ein st\u00e4ndiges Interesse an der kontinuierlichen Weiterbildung der Fachleute, mit dem Ziel, stets in der Lage zu sein, den bestm\u00f6glichen Service zu bieten.<\/p>\n<\/div><\/section><br \/>\n<div  style='height:20px' class='hr hr-invisible   avia-builder-el-16  el_after_av_textblock  avia-builder-el-last '><span class='hr-inner ' ><span class='hr-inner-style'><\/span><\/span><\/div><\/p><\/div><div class='av-flex-placeholder'><\/div><div class=\"flex_column av_one_third  av-animated-generic left-to-right  flex_column_table_cell av-equal-height-column av-align-top   avia-builder-el-17  el_after_av_one_third  el_before_av_one_third  bloc-home-bufete-foz \" style='background: #072f4c; padding:40px; background-color:#072f4c; border-radius:3px; '><p><span  class=\"av_font_icon avia_animate_when_visible avia-icon-animate  av-icon-style-  avia-icon-pos-center \" style=\"color:#ffffff; border-color:#ffffff;\"><span class='av-icon-char' style='font-size:70px;line-height:70px;' aria-hidden='true' data-av_icon='' data-av_iconfont='justice' ><\/span><\/span><br \/>\n<div  style='padding-bottom:10px; margin-top:25; color:#ffffff;' class='av-special-heading av-special-heading-h2 custom-color-heading blockquote modern-quote modern-centered  avia-builder-el-19  el_after_av_font_icon  el_before_av_textblock  '><h2 class='av-special-heading-tag '  itemprop=\"headline\"  >Spezialisierung in Einklang mit einer globalen Perspektive<\/h2><div class='special-heading-border'><div class='special-heading-inner-border' style='border-color:#ffffff'><\/div><\/div><\/div><br \/>\n<section class=\"av_textblock_section \"  itemscope=\"itemscope\" itemtype=\"https:\/\/schema.org\/CreativeWork\" ><div class='avia_textblock  av_inherit_color '  style='color:#ffffff; '  itemprop=\"text\" ><p style=\"text-align: center;\">Wir glauben, dass beide Konzepte notwendig und komplement\u00e4r sind, und daher, unbeschadet ihrer nat\u00fcrlichen Spezialisierung nach ihrer eigenen Erfahrung und ihrem eigenen Lehrplan, die Anw\u00e4lte der Kanzlei \u00fcber ausreichende Erfahrung in verschiedenen und unterschiedlichen Bereichen verf\u00fcgen, so dass eine zu parteiische und begrenzte Sicht der rechtlichen Fragen vermieden wird.<\/p>\n<\/div><\/section><br \/>\n<div  style='height:20px' class='hr hr-invisible   avia-builder-el-21  el_after_av_textblock  avia-builder-el-last '><span class='hr-inner ' ><span class='hr-inner-style'><\/span><\/span><\/div><\/p><\/div><\/div><!--close column table wrapper. Autoclose: 1 --><div class='flex_column_table av-equal-height-column-flextable -flextable' style='margin-top:6%; margin-bottom:0; '><div class=\"flex_column av_one_third  av-animated-generic left-to-right  flex_column_table_cell av-equal-height-column av-align-top first  avia-builder-el-22  el_after_av_one_third  el_before_av_one_third  bloc-home-bufete-foz column-top-margin\" style='background:linear-gradient(45deg,#094978,#105e96); padding:40px; background-color:#094978; border-radius:3px; '><p><span  class=\"av_font_icon avia_animate_when_visible avia-icon-animate  av-icon-style-  avia-icon-pos-center \" style=\"color:#ffffff; border-color:#ffffff;\"><span class='av-icon-char' style='font-size:70px;line-height:70px;' aria-hidden='true' data-av_icon='' data-av_iconfont='justice' ><\/span><\/span><br \/>\n<div  style='padding-bottom:10px; margin-top:25; color:#ffffff;' class='av-special-heading av-special-heading-h2 custom-color-heading blockquote modern-quote modern-centered  avia-builder-el-24  el_after_av_font_icon  el_before_av_textblock  '><h2 class='av-special-heading-tag '  itemprop=\"headline\"  >Zusammenarbeit<\/h2><div class='special-heading-border'><div class='special-heading-inner-border' style='border-color:#ffffff'><\/div><\/div><\/div><br \/>\n<section class=\"av_textblock_section \"  itemscope=\"itemscope\" itemtype=\"https:\/\/schema.org\/CreativeWork\" ><div class='avia_textblock  av_inherit_color '  style='color:#ffffff; '  itemprop=\"text\" ><p style=\"text-align: center;\">Wir sind stolz auf die Best\u00e4ndigkeit in unserer Firma, in der wir seit vielen Jahren zusammenarbeiten. Wir glauben daran das es das Ergebnis der st\u00e4ndigen Kommunikation, der gemeinsamen Erfahrung in den verschiedenen Rechtsgebieten und des guten Teamgeistes ist.<\/p>\n<\/div><\/section><br \/>\n<div  style='height:20px' class='hr hr-invisible   avia-builder-el-26  el_after_av_textblock  avia-builder-el-last '><span class='hr-inner ' ><span class='hr-inner-style'><\/span><\/span><\/div><\/p><\/div><div class='av-flex-placeholder'><\/div><div class=\"flex_column av_one_third  av-animated-generic left-to-right  flex_column_table_cell av-equal-height-column av-align-top   avia-builder-el-27  el_after_av_one_third  el_before_av_one_third  bloc-home-bufete-foz column-top-margin\" style='background: #072f4c; padding:40px; background-color:#072f4c; border-radius:3px; '><p><span  class=\"av_font_icon avia_animate_when_visible avia-icon-animate  av-icon-style-  avia-icon-pos-center \" style=\"color:#ffffff; border-color:#ffffff;\"><span class='av-icon-char' style='font-size:70px;line-height:70px;' aria-hidden='true' data-av_icon='' data-av_iconfont='justice' ><\/span><\/span><br \/>\n<div  style='padding-bottom:10px; margin-top:25; color:#ffffff;' class='av-special-heading av-special-heading-h2 custom-color-heading blockquote modern-quote modern-centered  avia-builder-el-29  el_after_av_font_icon  el_before_av_textblock  '><h2 class='av-special-heading-tag '  itemprop=\"headline\"  >Qualit\u00e4t der Dienstleistung<\/h2><div class='special-heading-border'><div class='special-heading-inner-border' style='border-color:#ffffff'><\/div><\/div><\/div><br \/>\n<section class=\"av_textblock_section \"  itemscope=\"itemscope\" itemtype=\"https:\/\/schema.org\/CreativeWork\" ><div class='avia_textblock  av_inherit_color '  style='color:#ffffff; '  itemprop=\"text\" ><p style=\"text-align: center;\">Wir sind bestrebt, dem Kunden den bestm\u00f6glichen Service zu bieten, ob direkt oder durch die externen spezialisierten Fachleute, mit denen wir Kooperationsvereinbarungen eingehen, wenn wir es f\u00fcr den Kunden f\u00fcr sinnvoll halten.<\/p>\n<\/div><\/section><br \/>\n<div  style='height:20px' class='hr hr-invisible   avia-builder-el-31  el_after_av_textblock  avia-builder-el-last '><span class='hr-inner ' ><span class='hr-inner-style'><\/span><\/span><\/div><\/p><\/div><div class='av-flex-placeholder'><\/div><div class=\"flex_column av_one_third  av-animated-generic left-to-right  flex_column_table_cell av-equal-height-column av-align-top   avia-builder-el-32  el_after_av_one_third  avia-builder-el-last  bloc-home-bufete-foz column-top-margin\" style='background:linear-gradient(45deg,#094978,#105e96); padding:40px; background-color:#094978; border-radius:3px; '><p><span  class=\"av_font_icon avia_animate_when_visible avia-icon-animate  av-icon-style-  avia-icon-pos-center \" style=\"color:#ffffff; border-color:#ffffff;\"><span class='av-icon-char' style='font-size:70px;line-height:70px;' aria-hidden='true' data-av_icon='' data-av_iconfont='justice' ><\/span><\/span><br \/>\n<div  style='padding-bottom:10px; margin-top:25; color:#ffffff;' class='av-special-heading av-special-heading-h2 custom-color-heading blockquote modern-quote modern-centered  avia-builder-el-34  el_after_av_font_icon  el_before_av_textblock  '><h2 class='av-special-heading-tag '  itemprop=\"headline\"  >Beratung erh\u00e4ltlich auf folgenden Sprachen<\/h2><div class='special-heading-border'><div class='special-heading-inner-border' style='border-color:#ffffff'><\/div><\/div><\/div><br \/>\n<section class=\"av_textblock_section \"  itemscope=\"itemscope\" itemtype=\"https:\/\/schema.org\/CreativeWork\" ><div class='avia_textblock  av_inherit_color '  style='color:#ffffff; '  itemprop=\"text\" ><p style=\"text-align: center;\">Spanisch, Katalanisch, Englisch, Deutsch, Franz\u00f6sisch, Italienisch, Russisch.<\/p>\n<\/div><\/section><br \/>\n<div  style='height:20px' class='hr hr-invisible   avia-builder-el-36  el_after_av_textblock  avia-builder-el-last '><span class='hr-inner ' ><span class='hr-inner-style'><\/span><\/span><\/div><\/p><\/div><\/div><!--close column table wrapper. Autoclose: 1 -->\n\n","protected":false},"excerpt":{"rendered":"","protected":false},"author":1,"featured_media":0,"parent":0,"menu_order":0,"comment_status":"closed","ping_status":"closed","template":"","meta":{"footnotes":""},"class_list":["post-1893","page","type-page","status-publish","hentry"],"yoast_head":"<!-- This site is optimized with the Yoast SEO plugin v26.7 - https:\/\/yoast.com\/wordpress\/plugins\/seo\/ -->\n<title>Bufete Foz &amp; Asociados - Bufete Foz<\/title>\n<meta name=\"robots\" content=\"index, follow, max-snippet:-1, max-image-preview:large, max-video-preview:-1\" \/>\n<link rel=\"canonical\" href=\"https:\/\/www.bufetefoz.com\/de\/\" \/>\n<meta property=\"og:locale\" content=\"de_DE\" \/>\n<meta property=\"og:type\" content=\"article\" \/>\n<meta property=\"og:title\" content=\"Bufete Foz &amp; Asociados - Bufete Foz\" \/>\n<meta property=\"og:url\" content=\"https:\/\/www.bufetefoz.com\/de\/\" \/>\n<meta property=\"og:site_name\" content=\"Bufete Foz\" \/>\n<meta property=\"article:modified_time\" content=\"2020-11-13T12:52:04+00:00\" \/>\n<meta name=\"twitter:card\" content=\"summary_large_image\" \/>\n<meta name=\"twitter:label1\" content=\"Gesch\u00e4tzte Lesezeit\" \/>\n\t<meta name=\"twitter:data1\" content=\"13\u00a0Minuten\" \/>\n<script type=\"application\/ld+json\" class=\"yoast-schema-graph\">{\"@context\":\"https:\/\/schema.org\",\"@graph\":[{\"@type\":\"WebPage\",\"@id\":\"https:\/\/www.bufetefoz.com\/de\/\",\"url\":\"https:\/\/www.bufetefoz.com\/de\/\",\"name\":\"Bufete Foz & Asociados - Bufete Foz\",\"isPartOf\":{\"@id\":\"https:\/\/www.bufetefoz.com\/en\/#website\"},\"datePublished\":\"2020-10-30T06:02:39+00:00\",\"dateModified\":\"2020-11-13T12:52:04+00:00\",\"breadcrumb\":{\"@id\":\"https:\/\/www.bufetefoz.com\/de\/#breadcrumb\"},\"inLanguage\":\"de\",\"potentialAction\":[{\"@type\":\"ReadAction\",\"target\":[\"https:\/\/www.bufetefoz.com\/de\/\"]}]},{\"@type\":\"BreadcrumbList\",\"@id\":\"https:\/\/www.bufetefoz.com\/de\/#breadcrumb\",\"itemListElement\":[{\"@type\":\"ListItem\",\"position\":1,\"name\":\"Portada\",\"item\":\"https:\/\/www.bufetefoz.com\/de\/\"},{\"@type\":\"ListItem\",\"position\":2,\"name\":\"Bufete Foz &#038; Asociados\"}]},{\"@type\":\"WebSite\",\"@id\":\"https:\/\/www.bufetefoz.com\/en\/#website\",\"url\":\"https:\/\/www.bufetefoz.com\/en\/\",\"name\":\"Bufete Foz\",\"description\":\"Bufete de abogados en Palma de Mallorca\",\"potentialAction\":[{\"@type\":\"SearchAction\",\"target\":{\"@type\":\"EntryPoint\",\"urlTemplate\":\"https:\/\/www.bufetefoz.com\/en\/?s={search_term_string}\"},\"query-input\":{\"@type\":\"PropertyValueSpecification\",\"valueRequired\":true,\"valueName\":\"search_term_string\"}}],\"inLanguage\":\"de\"}]}<\/script>\n<!-- \/ Yoast SEO plugin. -->","yoast_head_json":{"title":"Bufete Foz & Asociados - Bufete Foz","robots":{"index":"index","follow":"follow","max-snippet":"max-snippet:-1","max-image-preview":"max-image-preview:large","max-video-preview":"max-video-preview:-1"},"canonical":"https:\/\/www.bufetefoz.com\/de\/","og_locale":"de_DE","og_type":"article","og_title":"Bufete Foz & Asociados - Bufete Foz","og_url":"https:\/\/www.bufetefoz.com\/de\/","og_site_name":"Bufete Foz","article_modified_time":"2020-11-13T12:52:04+00:00","twitter_card":"summary_large_image","twitter_misc":{"Gesch\u00e4tzte Lesezeit":"13\u00a0Minuten"},"schema":{"@context":"https:\/\/schema.org","@graph":[{"@type":"WebPage","@id":"https:\/\/www.bufetefoz.com\/de\/","url":"https:\/\/www.bufetefoz.com\/de\/","name":"Bufete Foz & Asociados - Bufete Foz","isPartOf":{"@id":"https:\/\/www.bufetefoz.com\/en\/#website"},"datePublished":"2020-10-30T06:02:39+00:00","dateModified":"2020-11-13T12:52:04+00:00","breadcrumb":{"@id":"https:\/\/www.bufetefoz.com\/de\/#breadcrumb"},"inLanguage":"de","potentialAction":[{"@type":"ReadAction","target":["https:\/\/www.bufetefoz.com\/de\/"]}]},{"@type":"BreadcrumbList","@id":"https:\/\/www.bufetefoz.com\/de\/#breadcrumb","itemListElement":[{"@type":"ListItem","position":1,"name":"Portada","item":"https:\/\/www.bufetefoz.com\/de\/"},{"@type":"ListItem","position":2,"name":"Bufete Foz &#038; Asociados"}]},{"@type":"WebSite","@id":"https:\/\/www.bufetefoz.com\/en\/#website","url":"https:\/\/www.bufetefoz.com\/en\/","name":"Bufete Foz","description":"Bufete de abogados en Palma de Mallorca","potentialAction":[{"@type":"SearchAction","target":{"@type":"EntryPoint","urlTemplate":"https:\/\/www.bufetefoz.com\/en\/?s={search_term_string}"},"query-input":{"@type":"PropertyValueSpecification","valueRequired":true,"valueName":"search_term_string"}}],"inLanguage":"de"}]}},"_links":{"self":[{"href":"https:\/\/www.bufetefoz.com\/de\/wp-json\/wp\/v2\/pages\/1893","targetHints":{"allow":["GET"]}}],"collection":[{"href":"https:\/\/www.bufetefoz.com\/de\/wp-json\/wp\/v2\/pages"}],"about":[{"href":"https:\/\/www.bufetefoz.com\/de\/wp-json\/wp\/v2\/types\/page"}],"author":[{"embeddable":true,"href":"https:\/\/www.bufetefoz.com\/de\/wp-json\/wp\/v2\/users\/1"}],"replies":[{"embeddable":true,"href":"https:\/\/www.bufetefoz.com\/de\/wp-json\/wp\/v2\/comments?post=1893"}],"version-history":[{"count":14,"href":"https:\/\/www.bufetefoz.com\/de\/wp-json\/wp\/v2\/pages\/1893\/revisions"}],"predecessor-version":[{"id":2786,"href":"https:\/\/www.bufetefoz.com\/de\/wp-json\/wp\/v2\/pages\/1893\/revisions\/2786"}],"wp:attachment":[{"href":"https:\/\/www.bufetefoz.com\/de\/wp-json\/wp\/v2\/media?parent=1893"}],"curies":[{"name":"wp","href":"https:\/\/api.w.org\/{rel}","templated":true}]}}